{"id":1218,"date":"2021-03-20T11:04:49","date_gmt":"2021-03-20T11:04:49","guid":{"rendered":"http:\/\/cimenhali.com.tr\/?page_id=1218"},"modified":"2021-04-29T08:02:33","modified_gmt":"2021-04-29T08:02:33","slug":"bolgelerimiz","status":"publish","type":"page","link":"http:\/\/cimenhali.com.tr\/?page_id=1218","title":{"rendered":"SATI\u015e B\u00d6LGELER\u0130M\u0130Z"},"content":{"rendered":"<div data-colibri-id=\"1218-c1\" class=\"style-384 style-local-1218-c1 position-relative\">\n  <!---->\n  <div data-colibri-component=\"section\" data-colibri-id=\"1218-c2\" id=\"custom\" class=\"h-section h-section-global-spacing d-flex align-items-lg-center align-items-md-center align-items-center style-492 style-local-1218-c2 position-relative\">\n    <!---->\n    <!---->\n    <div class=\"h-section-grid-container h-section-fluid-container\">\n      <!---->\n      <div data-colibri-id=\"1218-c3\" class=\"h-row-container gutters-row-lg-2 gutters-row-md-2 gutters-row-0 gutters-row-v-lg-2 gutters-row-v-md-2 gutters-row-v-2 style-493 style-local-1218-c3 position-relative\">\n        <!---->\n        <div class=\"h-row justify-content-lg-center justify-content-md-center justify-content-center align-items-lg-stretch align-items-md-stretch align-items-stretch gutters-col-lg-2 gutters-col-md-2 gutters-col-0 gutters-col-v-lg-2 gutters-col-v-md-2 gutters-col-v-2\">\n          <!---->\n          <div class=\"h-column h-column-container d-flex h-col-lg-auto h-col-md-auto h-col-auto style-494-outer style-local-1218-c4-outer\">\n            <div data-colibri-id=\"1218-c4\" class=\"d-flex h-flex-basis h-column__inner h-px-lg-2 h-px-md-2 h-px-2 v-inner-lg-2 v-inner-md-2 v-inner-2 style-494 style-local-1218-c4 position-relative\">\n              <!---->\n              <!---->\n              <div class=\"w-100 h-y-container h-column__content h-column__v-align flex-basis-100 align-self-lg-start align-self-md-start align-self-start\">\n                <!---->\n                <div data-colibri-id=\"1218-c5\" class=\"d-block style-519 style-local-1218-c5 position-relative h-element\">\n                  <!---->\n                  <div class=\"h-image__frame-container-outer\">\n                    <div class=\"h-image__frame-container\">\n                      <!---->\n                      <!---->\n                      <img loading=\"lazy\" width=\"4400\" height=\"1700\" src=\"http:\/\/cimenhali.com.tr\/wp-content\/uploads\/2021\/04\/ISTANBUL.png\" class=\"wp-image-2034 style-519-image style-local-1218-c5-image\" srcset=\"http:\/\/cimenhali.com.tr\/wp-content\/uploads\/2021\/04\/ISTANBUL.png 4400w, http:\/\/cimenhali.com.tr\/wp-content\/uploads\/2021\/04\/ISTANBUL-300x116.png 300w, http:\/\/cimenhali.com.tr\/wp-content\/uploads\/2021\/04\/ISTANBUL-1024x396.png 1024w, http:\/\/cimenhali.com.tr\/wp-content\/uploads\/2021\/04\/ISTANBUL-768x297.png 768w, http:\/\/cimenhali.com.tr\/wp-content\/uploads\/2021\/04\/ISTANBUL-1536x593.png 1536w, http:\/\/cimenhali.com.tr\/wp-content\/uploads\/2021\/04\/ISTANBUL-2048x791.png 2048w\" sizes=\"(max-width: 4400px) 100vw, 4400px\" alt=\"\" \/>\n                      <div class=\"h-image__frame h-hide-lg h-hide-md h-hide-sm style-519-frameImage style-local-1218-c5-frameImage\"><\/div>\n                    <\/div>\n                  <\/div>\n                <\/div>\n              <\/div>\n            <\/div>\n          <\/div>\n        <\/div>\n      <\/div>\n    <\/div>\n  <\/div>\n  <div data-colibri-component=\"section\" data-colibri-id=\"1218-c6\" id=\"custom-2\" class=\"h-section h-section-global-spacing d-flex align-items-lg-center align-items-md-center align-items-center style-498 style-local-1218-c6 position-relative\">\n    <!---->\n    <!---->\n    <div class=\"h-section-grid-container h-section-fluid-container\">\n      <!---->\n      <div data-colibri-id=\"1218-c7\" class=\"h-row-container gutters-row-lg-2 gutters-row-md-2 gutters-row-0 gutters-row-v-lg-2 gutters-row-v-md-2 gutters-row-v-2 style-499 style-local-1218-c7 position-relative\">\n        <!---->\n        <div class=\"h-row justify-content-lg-center justify-content-md-center justify-content-center align-items-lg-stretch align-items-md-stretch align-items-stretch gutters-col-lg-2 gutters-col-md-2 gutters-col-0 gutters-col-v-lg-2 gutters-col-v-md-2 gutters-col-v-2\">\n          <!---->\n          <div class=\"h-column h-column-container d-flex h-col-lg-auto h-col-md-auto h-col-auto style-500-outer style-local-1218-c8-outer\">\n            <div data-colibri-id=\"1218-c8\" class=\"d-flex h-flex-basis h-column__inner h-px-lg-2 h-px-md-2 h-px-2 v-inner-lg-2 v-inner-md-2 v-inner-2 style-500 style-local-1218-c8 position-relative\">\n              <!---->\n              <!---->\n              <div class=\"w-100 h-y-container h-column__content h-column__v-align flex-basis-100 align-self-lg-start align-self-md-start align-self-start\">\n                <!---->\n                <div data-colibri-id=\"1218-c9\" class=\"d-block style-507 style-local-1218-c9 position-relative h-element\">\n                  <!---->\n                  <div class=\"h-image__frame-container-outer\">\n                    <div class=\"h-image__frame-container\">\n                      <!---->\n                      <!---->\n                      <img loading=\"lazy\" width=\"4400\" height=\"1700\" src=\"http:\/\/cimenhali.com.tr\/wp-content\/uploads\/2021\/04\/Adsiz-tasarim-3.png\" class=\"wp-image-2000 style-507-image style-local-1218-c9-image\" srcset=\"http:\/\/cimenhali.com.tr\/wp-content\/uploads\/2021\/04\/Adsiz-tasarim-3.png 4400w, http:\/\/cimenhali.com.tr\/wp-content\/uploads\/2021\/04\/Adsiz-tasarim-3-300x116.png 300w, http:\/\/cimenhali.com.tr\/wp-content\/uploads\/2021\/04\/Adsiz-tasarim-3-1024x396.png 1024w, http:\/\/cimenhali.com.tr\/wp-content\/uploads\/2021\/04\/Adsiz-tasarim-3-768x297.png 768w, http:\/\/cimenhali.com.tr\/wp-content\/uploads\/2021\/04\/Adsiz-tasarim-3-1536x593.png 1536w, http:\/\/cimenhali.com.tr\/wp-content\/uploads\/2021\/04\/Adsiz-tasarim-3-2048x791.png 2048w\" sizes=\"(max-width: 4400px) 100vw, 4400px\" alt=\"\" \/>\n                      <div class=\"h-image__frame h-hide-lg h-hide-md h-hide-sm style-507-frameImage style-local-1218-c9-frameImage\"><\/div>\n                    <\/div>\n                  <\/div>\n                <\/div>\n              <\/div>\n            <\/div>\n          <\/div>\n        <\/div>\n      <\/div>\n    <\/div>\n  <\/div>\n  <div data-colibri-component=\"section\" data-colibri-id=\"1218-c10\" id=\"custom-4\" class=\"h-section h-section-global-spacing d-flex align-items-lg-center align-items-md-center align-items-center style-504 style-local-1218-c10 position-relative\">\n    <!---->\n    <!---->\n    <div class=\"h-section-grid-container h-section-fluid-container\">\n      <!---->\n      <div data-colibri-id=\"1218-c11\" class=\"h-row-container gutters-row-lg-2 gutters-row-md-2 gutters-row-0 gutters-row-v-lg-2 gutters-row-v-md-2 gutters-row-v-2 style-505 style-local-1218-c11 position-relative\">\n        <!---->\n        <div class=\"h-row justify-content-lg-center justify-content-md-center justify-content-center align-items-lg-stretch align-items-md-stretch align-items-stretch gutters-col-lg-2 gutters-col-md-2 gutters-col-0 gutters-col-v-lg-2 gutters-col-v-md-2 gutters-col-v-2\">\n          <!---->\n          <div class=\"h-column h-column-container d-flex h-col-lg-auto h-col-md-auto h-col-auto style-506-outer style-local-1218-c12-outer\">\n            <div data-colibri-id=\"1218-c12\" class=\"d-flex h-flex-basis h-column__inner h-px-lg-2 h-px-md-2 h-px-2 v-inner-lg-2 v-inner-md-2 v-inner-2 style-506 style-local-1218-c12 position-relative\">\n              <!---->\n              <!---->\n              <div class=\"w-100 h-y-container h-column__content h-column__v-align flex-basis-100 align-self-lg-start align-self-md-start align-self-start\">\n                <!---->\n                <div data-colibri-id=\"1218-c13\" class=\"d-block style-514 style-local-1218-c13 position-relative h-element\">\n                  <!---->\n                  <div class=\"h-image__frame-container-outer\">\n                    <div class=\"h-image__frame-container\">\n                      <!---->\n                      <!---->\n                      <img loading=\"lazy\" width=\"4400\" height=\"1700\" src=\"http:\/\/cimenhali.com.tr\/wp-content\/uploads\/2021\/04\/ARTEMIS.png\" class=\"wp-image-2338 style-514-image style-local-1218-c13-image\" srcset=\"http:\/\/cimenhali.com.tr\/wp-content\/uploads\/2021\/04\/ARTEMIS.png 4400w, http:\/\/cimenhali.com.tr\/wp-content\/uploads\/2021\/04\/ARTEMIS-300x116.png 300w, http:\/\/cimenhali.com.tr\/wp-content\/uploads\/2021\/04\/ARTEMIS-1024x396.png 1024w, http:\/\/cimenhali.com.tr\/wp-content\/uploads\/2021\/04\/ARTEMIS-768x297.png 768w, http:\/\/cimenhali.com.tr\/wp-content\/uploads\/2021\/04\/ARTEMIS-1536x593.png 1536w, http:\/\/cimenhali.com.tr\/wp-content\/uploads\/2021\/04\/ARTEMIS-2048x791.png 2048w\" sizes=\"(max-width: 4400px) 100vw, 4400px\" alt=\"\" \/>\n                      <div class=\"h-image__frame h-hide-lg h-hide-md h-hide-sm style-514-frameImage style-local-1218-c13-frameImage\"><\/div>\n                    <\/div>\n                  <\/div>\n                <\/div>\n              <\/div>\n            <\/div>\n          <\/div>\n        <\/div>\n      <\/div>\n    <\/div>\n  <\/div>\n  <div data-colibri-component=\"section\" data-colibri-id=\"1218-c14\" id=\"custom-3\" class=\"h-section h-section-global-spacing d-flex align-items-lg-center align-items-md-center align-items-center style-515 style-local-1218-c14 position-relative\">\n    <!---->\n    <!---->\n    <div class=\"h-section-grid-container h-section-fluid-container\">\n      <!---->\n      <div data-colibri-id=\"1218-c15\" class=\"h-row-container gutters-row-lg-2 gutters-row-md-2 gutters-row-0 gutters-row-v-lg-2 gutters-row-v-md-2 gutters-row-v-2 style-516 style-local-1218-c15 position-relative\">\n        <!---->\n        <div class=\"h-row justify-content-lg-center justify-content-md-center justify-content-center align-items-lg-stretch align-items-md-stretch align-items-stretch gutters-col-lg-2 gutters-col-md-2 gutters-col-0 gutters-col-v-lg-2 gutters-col-v-md-2 gutters-col-v-2\">\n          <!---->\n          <div class=\"h-column h-column-container d-flex h-col-lg-auto h-col-md-auto h-col-auto style-517-outer style-local-1218-c16-outer\">\n            <div data-colibri-id=\"1218-c16\" class=\"d-flex h-flex-basis h-column__inner h-px-lg-2 h-px-md-2 h-px-2 v-inner-lg-2 v-inner-md-2 v-inner-2 style-517 style-local-1218-c16 position-relative\">\n              <!---->\n              <!---->\n              <div class=\"w-100 h-y-container h-column__content h-column__v-align flex-basis-100 align-self-lg-start align-self-md-start align-self-start\">\n                <!---->\n                <div data-colibri-id=\"1218-c17\" class=\"d-block style-518 style-local-1218-c17 position-relative h-element\">\n                  <!---->\n                  <div class=\"h-image__frame-container-outer\">\n                    <div class=\"h-image__frame-container\">\n                      <!---->\n                      <!---->\n                      <img loading=\"lazy\" width=\"4400\" height=\"1700\" src=\"http:\/\/cimenhali.com.tr\/wp-content\/uploads\/2021\/04\/Adsiz-tasarim-2-1.png\" class=\"wp-image-1998 style-518-image style-local-1218-c17-image\" srcset=\"http:\/\/cimenhali.com.tr\/wp-content\/uploads\/2021\/04\/Adsiz-tasarim-2-1.png 4400w, http:\/\/cimenhali.com.tr\/wp-content\/uploads\/2021\/04\/Adsiz-tasarim-2-1-300x116.png 300w, http:\/\/cimenhali.com.tr\/wp-content\/uploads\/2021\/04\/Adsiz-tasarim-2-1-1024x396.png 1024w, http:\/\/cimenhali.com.tr\/wp-content\/uploads\/2021\/04\/Adsiz-tasarim-2-1-768x297.png 768w, http:\/\/cimenhali.com.tr\/wp-content\/uploads\/2021\/04\/Adsiz-tasarim-2-1-1536x593.png 1536w, http:\/\/cimenhali.com.tr\/wp-content\/uploads\/2021\/04\/Adsiz-tasarim-2-1-2048x791.png 2048w\" sizes=\"(max-width: 4400px) 100vw, 4400px\" alt=\"\" \/>\n                      <div class=\"h-image__frame h-hide-lg h-hide-md h-hide-sm style-518-frameImage style-local-1218-c17-frameImage\"><\/div>\n                    <\/div>\n                  <\/div>\n                <\/div>\n              <\/div>\n            <\/div>\n          <\/div>\n        <\/div>\n      <\/div>\n    <\/div>\n  <\/div>\n<\/div>","protected":false},"excerpt":{"rendered":"","protected":false},"author":1,"featured_media":0,"parent":0,"menu_order":0,"comment_status":"closed","ping_status":"closed","template":"page-templates\/full-width-page.php","meta":[],"_links":{"self":[{"href":"http:\/\/cimenhali.com.tr\/index.php?rest_route=\/wp\/v2\/pages\/1218"}],"collection":[{"href":"http:\/\/cimenhali.com.tr\/index.php?rest_route=\/wp\/v2\/pages"}],"about":[{"href":"http:\/\/cimenhali.com.tr\/index.php?rest_route=\/wp\/v2\/types\/page"}],"author":[{"embeddable":true,"href":"http:\/\/cimenhali.com.tr\/index.php?rest_route=\/wp\/v2\/users\/1"}],"replies":[{"embeddable":true,"href":"http:\/\/cimenhali.com.tr\/index.php?rest_route=%2Fwp%2Fv2%2Fcomments&post=1218"}],"version-history":[{"count":12,"href":"http:\/\/cimenhali.com.tr\/index.php?rest_route=\/wp\/v2\/pages\/1218\/revisions"}],"predecessor-version":[{"id":2341,"href":"http:\/\/cimenhali.com.tr\/index.php?rest_route=\/wp\/v2\/pages\/1218\/revisions\/2341"}],"wp:attachment":[{"href":"http:\/\/cimenhali.com.tr\/index.php?rest_route=%2Fwp%2Fv2%2Fmedia&parent=1218"}],"curies":[{"name":"wp","href":"https:\/\/api.w.org\/{rel}","templated":true}]}}