{"id":1216,"date":"2021-03-20T11:02:57","date_gmt":"2021-03-20T11:02:57","guid":{"rendered":"http:\/\/cimenhali.com.tr\/?page_id=1216"},"modified":"2021-03-25T09:20:19","modified_gmt":"2021-03-25T09:20:19","slug":"anadolu-kilim-2","status":"publish","type":"page","link":"http:\/\/cimenhali.com.tr\/?page_id=1216","title":{"rendered":"ANADOLU K\u0130L\u0130M"},"content":{"rendered":"\n<h2 class=\"has-colibri-color-5-color has-text-color has-background\" style=\"background-color:#2c6922\">NEDEN ANADOLU K\u0130L\u0130M ?<\/h2>\n\n\n\n<div class=\"wp-block-columns\">\n<div class=\"wp-block-column\">\n<div class=\"wp-block-media-text alignwide is-stacked-on-mobile\" style=\"grid-template-columns:42% auto\"><figure class=\"wp-block-media-text__media\"><img src=\"https:\/\/www.anadolukilim.com.tr\/images\/general\/img-33.png\" alt=\"\"\/><\/figure><div class=\"wp-block-media-text__content\">\n<h2>T\u00fcy d\u00f6kmez<\/h2>\n\n\n\n<p>Birbirinden g\u00fczel ve farkl\u0131 hal\u0131lar\u0131m\u0131z ile evlerinize \u015f\u0131kl\u0131k, rahatl\u0131k getiriyoruz. T\u00fcy d\u00f6kmeyen, tozumayan, dayan\u0131kl\u0131 ve makinede y\u0131kanabilen hal\u0131lar ile her zaman size kolayl\u0131k, \u015f\u0131kl\u0131k sunuyoruz.                                             <\/p>\n\n\n\n<p><img src=\"https:\/\/www.anadolukilim.com.tr\/images\/general\/icon-8.png\"> Makinede y\u0131kanabilir30 derecede s\u0131kma yapmadan, yumu\u015fat\u0131c\u0131 kullanmadan y\u0131kanabilir.<\/p>\n\n\n\n<p><img src=\"https:\/\/www.anadolukilim.com.tr\/images\/general\/icon-9.png\"> Suya kar\u015f\u0131 dayan\u0131kl\u0131Islanma sonras\u0131nda kesinlikle koku yapmaz. H\u0131zl\u0131 kuruma \u00f6zelli\u011fine sahiptir.<\/p>\n\n\n\n<p><img src=\"https:\/\/www.anadolukilim.com.tr\/images\/general\/icon-10.png\"> Renkleri solmazY\u0131kamadan kaynakl\u0131 renk kayb\u0131 olu\u015fmamaktad\u0131r.<\/p>\n\n\n\n<p><img src=\"https:\/\/www.anadolukilim.com.tr\/images\/general\/icon-7.png\"> T\u00fcy d\u00f6kmezHav b\u0131rakma (tozuma) yapmamaktad\u0131r.<\/p>\n\n\n\n<p><img src=\"https:\/\/www.anadolukilim.com.tr\/images\/general\/icon-11.png\"> Sa\u011fl\u0131kl\u0131d\u0131r.Do\u011faya ve insana kar\u015f\u0131 zararl\u0131 maddeler i\u00e7ermemektedir.<\/p>\n<\/div><\/div>\n<\/div>\n<\/div>\n\n\n\n<p>                                                                                               <\/p>\n\n\n\n<div class=\"wp-block-media-text alignwide has-media-on-the-right is-stacked-on-mobile\"><figure class=\"wp-block-media-text__media\"><img src=\"https:\/\/www.anadolukilim.com.tr\/images\/general\/img-44.png\" alt=\"\"\/><\/figure><div class=\"wp-block-media-text__content\">\n<p class=\"has-normal-font-size\"><img src=\"https:\/\/www.anadolukilim.com.tr\/images\/general\/icon-11.png\">Alerji yapmazBakteri ve mantar \u00fcretmedi\u011fi i\u00e7in alerji yapmaz. Sa\u011fl\u0131kl\u0131d\u0131r. Do\u011faya ve insana kar\u015f\u0131 zararl\u0131 maddeler i\u00e7ermemektedir.<\/p>\n\n\n\n<p class=\"has-normal-font-size\"><img src=\"https:\/\/www.anadolukilim.com.tr\/images\/general\/icon-12.png\">Kolay leke tutmazKolay temizlenebilir \u00f6zelli\u011fi vard\u0131r. Leke \u00e7\u0131kartma \u00f6zelli\u011fi olan kimyasallara kar\u015f\u0131 dayan\u0131kl\u0131d\u0131r.<\/p>\n<\/div><\/div>\n\n\n\n<p><\/p>\n","protected":false},"excerpt":{"rendered":"<p>NEDEN ANADOLU K\u0130L\u0130M ? Alerji yapmazBakteri ve mantar \u00fcretmedi\u011fi i\u00e7in alerji yapmaz. Sa\u011fl\u0131kl\u0131d\u0131r. Do\u011faya ve insana kar\u015f\u0131 zararl\u0131 maddeler i\u00e7ermemektedir. Kolay leke tutmazKolay temizlenebilir \u00f6zelli\u011fi vard\u0131r. Leke \u00e7\u0131kartma \u00f6zelli\u011fi olan kimyasallara kar\u015f\u0131 dayan\u0131kl\u0131d\u0131r.<\/p>\n","protected":false},"author":1,"featured_media":0,"parent":0,"menu_order":0,"comment_status":"closed","ping_status":"closed","template":"","meta":[],"_links":{"self":[{"href":"http:\/\/cimenhali.com.tr\/index.php?rest_route=\/wp\/v2\/pages\/1216"}],"collection":[{"href":"http:\/\/cimenhali.com.tr\/index.php?rest_route=\/wp\/v2\/pages"}],"about":[{"href":"http:\/\/cimenhali.com.tr\/index.php?rest_route=\/wp\/v2\/types\/page"}],"author":[{"embeddable":true,"href":"http:\/\/cimenhali.com.tr\/index.php?rest_route=\/wp\/v2\/users\/1"}],"replies":[{"embeddable":true,"href":"http:\/\/cimenhali.com.tr\/index.php?rest_route=%2Fwp%2Fv2%2Fcomments&post=1216"}],"version-history":[{"count":5,"href":"http:\/\/cimenhali.com.tr\/index.php?rest_route=\/wp\/v2\/pages\/1216\/revisions"}],"predecessor-version":[{"id":1463,"href":"http:\/\/cimenhali.com.tr\/index.php?rest_route=\/wp\/v2\/pages\/1216\/revisions\/1463"}],"wp:attachment":[{"href":"http:\/\/cimenhali.com.tr\/index.php?rest_route=%2Fwp%2Fv2%2Fmedia&parent=1216"}],"curies":[{"name":"wp","href":"https:\/\/api.w.org\/{rel}","templated":true}]}}