{"id":1207,"date":"2021-03-20T11:01:50","date_gmt":"2021-03-20T11:01:50","guid":{"rendered":"http:\/\/cimenhali.com.tr\/?page_id=1207"},"modified":"2021-04-08T09:37:37","modified_gmt":"2021-04-08T09:37:37","slug":"gumussuyu","status":"publish","type":"page","link":"http:\/\/cimenhali.com.tr\/?page_id=1207","title":{"rendered":"G\u00dcM\u00dc\u015eSUYU"},"content":{"rendered":"\n<p><\/p>\n\n\n\n<p><\/p>\n\n\n\n<figure class=\"wp-block-video aligncenter\"><video autoplay controls src=\"http:\/\/cimenhali.com.tr\/wp-content\/uploads\/2021\/03\/WhatsApp-Video-2021-03-18-at-17.36.34.mp4\"><\/video><\/figure>\n\n\n\n<div class=\"wp-block-group\"><div class=\"wp-block-group__inner-container\"><\/div><\/div>\n\n\n\n<p>                                            <\/p>\n\n\n\n<h5>                                                            <\/h5>\n\n\n<p><\/p>\n\n\n<p><\/p>\n","protected":false},"excerpt":{"rendered":"","protected":false},"author":1,"featured_media":0,"parent":0,"menu_order":0,"comment_status":"closed","ping_status":"closed","template":"","meta":[],"_links":{"self":[{"href":"http:\/\/cimenhali.com.tr\/index.php?rest_route=\/wp\/v2\/pages\/1207"}],"collection":[{"href":"http:\/\/cimenhali.com.tr\/index.php?rest_route=\/wp\/v2\/pages"}],"about":[{"href":"http:\/\/cimenhali.com.tr\/index.php?rest_route=\/wp\/v2\/types\/page"}],"author":[{"embeddable":true,"href":"http:\/\/cimenhali.com.tr\/index.php?rest_route=\/wp\/v2\/users\/1"}],"replies":[{"embeddable":true,"href":"http:\/\/cimenhali.com.tr\/index.php?rest_route=%2Fwp%2Fv2%2Fcomments&post=1207"}],"version-history":[{"count":20,"href":"http:\/\/cimenhali.com.tr\/index.php?rest_route=\/wp\/v2\/pages\/1207\/revisions"}],"predecessor-version":[{"id":1971,"href":"http:\/\/cimenhali.com.tr\/index.php?rest_route=\/wp\/v2\/pages\/1207\/revisions\/1971"}],"wp:attachment":[{"href":"http:\/\/cimenhali.com.tr\/index.php?rest_route=%2Fwp%2Fv2%2Fmedia&parent=1207"}],"curies":[{"name":"wp","href":"https:\/\/api.w.org\/{rel}","templated":true}]}}